{"id":10,"date":"2017-04-19T12:01:04","date_gmt":"2017-04-19T10:01:04","guid":{"rendered":"http:\/\/imsis.org\/?page_id=10"},"modified":"2017-10-30T13:10:16","modified_gmt":"2017-10-30T12:10:16","slug":"organisation-pedagogique","status":"publish","type":"page","link":"https:\/\/imsis.org\/index.php\/organisation-pedagogique\/","title":{"rendered":"Organisation p\u00e9dagogique"},"content":{"rendered":"<p>Dans un premier temps, les cours se d\u00e9roulent en pr\u00e9sentiel \u00e0 l\u2019<a href=\"https:\/\/univ-bobo.bf\/spip.php?article124\" target=\"_blank\" rel=\"noopener noreferrer\">Universit\u00e9 Nazi BONI<\/a> de Bobo Dioulasso.<\/p>\n<p>A terme, un dispositif de formation \u00e0 distance, permettant de diffuser les cours \u00e0 partir d\u2019une plate-forme d\u2019enseignement \u00e0 distance, sera d\u00e9velopp\u00e9 pour faciliter l\u2019acc\u00e8s de la formation \u00e0 un plus grand nombre de candidats.<\/p>\n<h1><a name=\"_Toc456002612\"><\/a><span style=\"font-size: 18pt; color: #ff9900;\">\u00a0Enseignements<\/span><\/h1>\n<p>Les \u00e9tudes en vue de l\u2019obtention du <a href=\"http:\/\/imsis.org\/\" target=\"_blank\" rel=\"noopener noreferrer\">master IMSIS <\/a>comportent deux types d\u2019activit\u00e9s\u00a0:<\/p>\n<ul>\n<li>des enseignements th\u00e9oriques portant sur les modules de tronc commun et les modules sp\u00e9cifiques\u00a0;<\/li>\n<li>des enseignements portant sur les techniques et m\u00e9thodologies de recherche et de r\u00e9daction de projet.<\/li>\n<\/ul>\n<p>Les enseignements sont organis\u00e9s selon deux niveaux que sont\u00a0: le master 1 et le master 2 repartis en quatre semestres (S1, S2, S3, S4). Certains cours seront dispens\u00e9s en Netconference par des enseignants distants.<\/p>\n<h2><a name=\"_Toc456002613\"><\/a><span style=\"color: #ff9900;\">\u00a0<span style=\"font-size: 14pt;\">Unit\u00e9s d\u2019Enseignement (UE) en master 1<\/span><\/span><\/h2>\n<ul style=\"list-style-type: disc;\">\n<li>UE sp\u00e9cifique 1 et 2;<\/li>\n<li>Informatique et sant\u00e9 (G\u00e9n\u00e9ralit\u00e9s);<\/li>\n<li>Base de donn\u00e9es et technologies web;<\/li>\n<li>Syst\u00e8me d&#8217;information et mod\u00e9lisation;<\/li>\n<li>Syst\u00e8me d&#8217;information en sant\u00e9 (\u00e9pid\u00e9miologique, g\u00e9ographique et documentaire);<\/li>\n<li>M\u00e9thode et outils de traitement de l&#8217;information;<\/li>\n<li>Gestion des connaissances et technologies \u00e9ducatives;<\/li>\n<li>Cyber-sant\u00e9, t\u00e9l\u00e9m\u00e9decine, sant\u00e9 connect\u00e9e;<\/li>\n<li>Normes et standards en sant\u00e9, interop\u00e9rabilit\u00e9;<\/li>\n<li>R\u00e9seau et s\u00e9curit\u00e9 des donn\u00e9es et des SI;<\/li>\n<li>Management de la qualit\u00e9;<\/li>\n<li>Gestion de projet;<\/li>\n<li>Projet professionnel et stage.<\/li>\n<\/ul>\n<h2><a name=\"_Toc456002621\"><\/a><span style=\"color: #ff9900; font-size: 14pt;\">Unit\u00e9s d\u2019Enseignement en master 2<\/span><\/h2>\n<ul style=\"list-style-type: disc;\">\n<li>Recherche en informatique de sant\u00e9;<\/li>\n<li>R\u00e9daction de documents scientifiques;<\/li>\n<li>R\u00e9daction de projet professionnel;<\/li>\n<li>Management des services de sant\u00e9;<\/li>\n<li>Gestion des projets en informatique de sant\u00e9;<\/li>\n<li>Stage pratique.<\/li>\n<\/ul>\n<h2><a name=\"_Toc456002626\"><\/a><\/h2>\n<h1><a name=\"_Toc456002627\"><\/a><\/h1>\n","protected":false},"excerpt":{"rendered":"<p>Dans un premier temps, les cours se d\u00e9roulent en pr\u00e9sentiel \u00e0 l\u2019Universit\u00e9 Nazi BONI de Bobo Dioulasso. A terme, un dispositif de formation \u00e0 distance, permettant de diffuser les cours \u00e0 partir d\u2019une plate-forme d\u2019enseignement \u00e0 distance, sera d\u00e9velopp\u00e9 pour faciliter l\u2019acc\u00e8s de la formation \u00e0 un plus grand nombre de candidats. \u00a0Enseignements Les \u00e9tudes&#8230;<\/p>\n<p class=\"more-link-wrap\"><a href=\"https:\/\/imsis.org\/index.php\/organisation-pedagogique\/\" class=\"more-link\">Read More<span class=\"screen-reader-text\"> &ldquo;Organisation p\u00e9dagogique&rdquo;<\/span> &raquo;<\/a><\/p>\n","protected":false},"author":1,"featured_media":0,"parent":0,"menu_order":0,"comment_status":"closed","ping_status":"closed","template":"","meta":{"jetpack_post_was_ever_published":false},"yoast_head":"<!-- This site is optimized with the Yoast SEO plugin v19.6 - https:\/\/yoast.com\/wordpress\/plugins\/seo\/ -->\n<title>Les Unit\u00e9s d\u2019Enseignement (UE) en master d&#039;Informatique M\u00e9dicale et ....<\/title>\n<meta name=\"description\" content=\"Master IMSIS \u00e0 l\u2019Universit\u00e9 Polytechnique Nazi Boni de Bobo-Dioulasso...les cours...le master 1 et le master 2 repartis en quatre semestres (S1, S2, S3, S4)\" \/>\n<meta name=\"robots\" content=\"index, follow, max-snippet:-1, max-image-preview:large, max-video-preview:-1\" \/>\n<link rel=\"canonical\" href=\"http:\/\/imsis.org\/index.php\/organisation-pedagogique\/\" \/>\n<meta property=\"og:locale\" content=\"fr_FR\" \/>\n<meta property=\"og:type\" content=\"article\" \/>\n<meta property=\"og:title\" content=\"Les Unit\u00e9s d\u2019Enseignement (UE) en master d&#039;Informatique M\u00e9dicale et ....\" \/>\n<meta property=\"og:description\" content=\"Master IMSIS \u00e0 l\u2019Universit\u00e9 Polytechnique Nazi Boni de Bobo-Dioulasso...les cours...le master 1 et le master 2 repartis en quatre semestres (S1, S2, S3, S4)\" \/>\n<meta property=\"og:url\" content=\"http:\/\/imsis.org\/index.php\/organisation-pedagogique\/\" \/>\n<meta property=\"article:publisher\" content=\"https:\/\/www.facebook.com\/MasterImsis\" \/>\n<meta property=\"article:modified_time\" content=\"2017-10-30T12:10:16+00:00\" \/>\n<meta name=\"twitter:card\" content=\"summary\" \/>\n<meta name=\"twitter:label1\" content=\"Dur\u00e9e de lecture estim\u00e9e\" \/>\n\t<meta name=\"twitter:data1\" content=\"1 minute\" \/>\n<script type=\"application\/ld+json\" class=\"yoast-schema-graph\">{\"@context\":\"https:\/\/schema.org\",\"@graph\":[{\"@type\":\"WebPage\",\"@id\":\"http:\/\/imsis.org\/index.php\/organisation-pedagogique\/\",\"url\":\"http:\/\/imsis.org\/index.php\/organisation-pedagogique\/\",\"name\":\"Les Unit\u00e9s d\u2019Enseignement (UE) en master d'Informatique M\u00e9dicale et ....\",\"isPartOf\":{\"@id\":\"https:\/\/imsis.org\/#website\"},\"datePublished\":\"2017-04-19T10:01:04+00:00\",\"dateModified\":\"2017-10-30T12:10:16+00:00\",\"description\":\"Master IMSIS \u00e0 l\u2019Universit\u00e9 Polytechnique Nazi Boni de Bobo-Dioulasso...les cours...le master 1 et le master 2 repartis en quatre semestres (S1, S2, S3, S4)\",\"breadcrumb\":{\"@id\":\"http:\/\/imsis.org\/index.php\/organisation-pedagogique\/#breadcrumb\"},\"inLanguage\":\"fr-FR\",\"potentialAction\":[{\"@type\":\"ReadAction\",\"target\":[\"http:\/\/imsis.org\/index.php\/organisation-pedagogique\/\"]}]},{\"@type\":\"BreadcrumbList\",\"@id\":\"http:\/\/imsis.org\/index.php\/organisation-pedagogique\/#breadcrumb\",\"itemListElement\":[{\"@type\":\"ListItem\",\"position\":1,\"name\":\"Accueil\",\"item\":\"http:\/\/imsis.org\/\"},{\"@type\":\"ListItem\",\"position\":2,\"name\":\"Organisation p\u00e9dagogique\"}]},{\"@type\":\"WebSite\",\"@id\":\"https:\/\/imsis.org\/#website\",\"url\":\"https:\/\/imsis.org\/\",\"name\":\"\",\"description\":\"\",\"potentialAction\":[{\"@type\":\"SearchAction\",\"target\":{\"@type\":\"EntryPoint\",\"urlTemplate\":\"https:\/\/imsis.org\/?s={search_term_string}\"},\"query-input\":\"required name=search_term_string\"}],\"inLanguage\":\"fr-FR\"}]}<\/script>\n<!-- \/ Yoast SEO plugin. -->","yoast_head_json":{"title":"Les Unit\u00e9s d\u2019Enseignement (UE) en master d'Informatique M\u00e9dicale et ....","description":"Master IMSIS \u00e0 l\u2019Universit\u00e9 Polytechnique Nazi Boni de Bobo-Dioulasso...les cours...le master 1 et le master 2 repartis en quatre semestres (S1, S2, S3, S4)","robots":{"index":"index","follow":"follow","max-snippet":"max-snippet:-1","max-image-preview":"max-image-preview:large","max-video-preview":"max-video-preview:-1"},"canonical":"http:\/\/imsis.org\/index.php\/organisation-pedagogique\/","og_locale":"fr_FR","og_type":"article","og_title":"Les Unit\u00e9s d\u2019Enseignement (UE) en master d'Informatique M\u00e9dicale et ....","og_description":"Master IMSIS \u00e0 l\u2019Universit\u00e9 Polytechnique Nazi Boni de Bobo-Dioulasso...les cours...le master 1 et le master 2 repartis en quatre semestres (S1, S2, S3, S4)","og_url":"http:\/\/imsis.org\/index.php\/organisation-pedagogique\/","article_publisher":"https:\/\/www.facebook.com\/MasterImsis","article_modified_time":"2017-10-30T12:10:16+00:00","twitter_card":"summary","twitter_misc":{"Dur\u00e9e de lecture estim\u00e9e":"1 minute"},"schema":{"@context":"https:\/\/schema.org","@graph":[{"@type":"WebPage","@id":"http:\/\/imsis.org\/index.php\/organisation-pedagogique\/","url":"http:\/\/imsis.org\/index.php\/organisation-pedagogique\/","name":"Les Unit\u00e9s d\u2019Enseignement (UE) en master d'Informatique M\u00e9dicale et ....","isPartOf":{"@id":"https:\/\/imsis.org\/#website"},"datePublished":"2017-04-19T10:01:04+00:00","dateModified":"2017-10-30T12:10:16+00:00","description":"Master IMSIS \u00e0 l\u2019Universit\u00e9 Polytechnique Nazi Boni de Bobo-Dioulasso...les cours...le master 1 et le master 2 repartis en quatre semestres (S1, S2, S3, S4)","breadcrumb":{"@id":"http:\/\/imsis.org\/index.php\/organisation-pedagogique\/#breadcrumb"},"inLanguage":"fr-FR","potentialAction":[{"@type":"ReadAction","target":["http:\/\/imsis.org\/index.php\/organisation-pedagogique\/"]}]},{"@type":"BreadcrumbList","@id":"http:\/\/imsis.org\/index.php\/organisation-pedagogique\/#breadcrumb","itemListElement":[{"@type":"ListItem","position":1,"name":"Accueil","item":"http:\/\/imsis.org\/"},{"@type":"ListItem","position":2,"name":"Organisation p\u00e9dagogique"}]},{"@type":"WebSite","@id":"https:\/\/imsis.org\/#website","url":"https:\/\/imsis.org\/","name":"","description":"","potentialAction":[{"@type":"SearchAction","target":{"@type":"EntryPoint","urlTemplate":"https:\/\/imsis.org\/?s={search_term_string}"},"query-input":"required name=search_term_string"}],"inLanguage":"fr-FR"}]}},"jetpack_sharing_enabled":true,"jetpack_shortlink":"https:\/\/wp.me\/P8EeRG-a","jetpack_likes_enabled":true,"_links":{"self":[{"href":"https:\/\/imsis.org\/index.php\/wp-json\/wp\/v2\/pages\/10"}],"collection":[{"href":"https:\/\/imsis.org\/index.php\/wp-json\/wp\/v2\/pages"}],"about":[{"href":"https:\/\/imsis.org\/index.php\/wp-json\/wp\/v2\/types\/page"}],"author":[{"embeddable":true,"href":"https:\/\/imsis.org\/index.php\/wp-json\/wp\/v2\/users\/1"}],"replies":[{"embeddable":true,"href":"https:\/\/imsis.org\/index.php\/wp-json\/wp\/v2\/comments?post=10"}],"version-history":[{"count":16,"href":"https:\/\/imsis.org\/index.php\/wp-json\/wp\/v2\/pages\/10\/revisions"}],"predecessor-version":[{"id":212,"href":"https:\/\/imsis.org\/index.php\/wp-json\/wp\/v2\/pages\/10\/revisions\/212"}],"wp:attachment":[{"href":"https:\/\/imsis.org\/index.php\/wp-json\/wp\/v2\/media?parent=10"}],"curies":[{"name":"wp","href":"https:\/\/api.w.org\/{rel}","templated":true}]}}