{"id":12,"date":"2017-04-19T12:01:52","date_gmt":"2017-04-19T10:01:52","guid":{"rendered":"http:\/\/imsis.org\/?page_id=12"},"modified":"2017-10-28T13:57:46","modified_gmt":"2017-10-28T11:57:46","slug":"partenariat","status":"publish","type":"page","link":"https:\/\/imsis.org\/index.php\/partenariat\/","title":{"rendered":"Partenariat"},"content":{"rendered":"<p>Le master IMSIS entretiendra des partenariats avec des universit\u00e9s, institutions, structures, organisations, soci\u00e9t\u00e9s savantes dans le cadre des \u00e9changes, de la mobilit\u00e9 des enseignants, de l\u2019expertise, de l\u2019enseignement, de la recherche scientifique, des stages, de l\u2019insertion socio-professionnelle, etc. Les partenaires potentiels sont entre autres :<\/p>\n<ul>\n<li><a href=\"http:\/\/www.sante.gov.bf\/\" target=\"_blank\" rel=\"noopener noreferrer\">Minist\u00e8re de la sant\u00e9\u00a0<\/a>;<\/li>\n<li><a href=\"http:\/\/www.univ-ouaga.bf\/\" target=\"_blank\" rel=\"noopener noreferrer\">Universit\u00e9s Ouaga 1 Pr Joseph Ki-Zerbo<\/a>\u00a0;<\/li>\n<li><a href=\"http:\/\/www.centre-muraz.bf\/\" target=\"_blank\" rel=\"noopener noreferrer\">Centre Muraz<\/a>\u00a0;<\/li>\n<li>O<a href=\"http:\/\/www.wahooas.org\/\" target=\"_blank\" rel=\"noopener noreferrer\">rganisation Ouest Africaine de la Sant\u00e9 (OOAS)\u00a0<\/a>;<\/li>\n<li><a href=\"http:\/\/www.anptic.gov.bf\" target=\"_blank\" rel=\"noopener noreferrer\">Agence Nationale de Promotion des TIC (ANPTIC)<\/a>\u00a0;<\/li>\n<li><a href=\"http:\/\/raft.g2hp.net\/\" target=\"_blank\" rel=\"noopener noreferrer\">R\u00e9seau RAFT<\/a>;<\/li>\n<li><a href=\"http:\/\/cfrtmbk.org\/\" target=\"_blank\" rel=\"noopener noreferrer\">Centre de Formation et de Recherche en Technologies M\u00e9dicales (CFRTM ).<\/a><\/li>\n<\/ul>\n","protected":false},"excerpt":{"rendered":"<p>Le master IMSIS entretiendra des partenariats avec des universit\u00e9s, institutions, structures, organisations, soci\u00e9t\u00e9s savantes dans le cadre des \u00e9changes, de la mobilit\u00e9 des enseignants, de l\u2019expertise, de l\u2019enseignement, de la recherche scientifique, des stages, de l\u2019insertion socio-professionnelle, etc. Les partenaires potentiels sont entre autres : Minist\u00e8re de la sant\u00e9\u00a0; Universit\u00e9s Ouaga 1 Pr Joseph Ki-Zerbo\u00a0;&#8230;<\/p>\n<p class=\"more-link-wrap\"><a href=\"https:\/\/imsis.org\/index.php\/partenariat\/\" class=\"more-link\">Read More<span class=\"screen-reader-text\"> &ldquo;Partenariat&rdquo;<\/span> &raquo;<\/a><\/p>\n","protected":false},"author":1,"featured_media":0,"parent":0,"menu_order":0,"comment_status":"closed","ping_status":"closed","template":"","meta":{"jetpack_post_was_ever_published":false},"yoast_head":"<!-- This site is optimized with the Yoast SEO plugin v19.6 - https:\/\/yoast.com\/wordpress\/plugins\/seo\/ -->\n<title>Partenariat -<\/title>\n<meta name=\"robots\" content=\"index, follow, max-snippet:-1, max-image-preview:large, max-video-preview:-1\" \/>\n<link rel=\"canonical\" href=\"https:\/\/imsis.org\/index.php\/partenariat\/\" \/>\n<meta property=\"og:locale\" content=\"fr_FR\" \/>\n<meta property=\"og:type\" content=\"article\" \/>\n<meta property=\"og:title\" content=\"Partenariat -\" \/>\n<meta property=\"og:description\" content=\"Le master IMSIS entretiendra des partenariats avec des universit\u00e9s, institutions, structures, organisations, soci\u00e9t\u00e9s savantes dans le cadre des \u00e9changes, de la mobilit\u00e9 des enseignants, de l\u2019expertise, de l\u2019enseignement, de la recherche scientifique, des stages, de l\u2019insertion socio-professionnelle, etc. Les partenaires potentiels sont entre autres : Minist\u00e8re de la sant\u00e9\u00a0; Universit\u00e9s Ouaga 1 Pr Joseph Ki-Zerbo\u00a0;...Read More &ldquo;Partenariat&rdquo; &raquo;\" \/>\n<meta property=\"og:url\" content=\"https:\/\/imsis.org\/index.php\/partenariat\/\" \/>\n<meta property=\"article:publisher\" content=\"https:\/\/www.facebook.com\/MasterImsis\" \/>\n<meta property=\"article:modified_time\" content=\"2017-10-28T11:57:46+00:00\" \/>\n<meta name=\"twitter:card\" content=\"summary\" \/>\n<script type=\"application\/ld+json\" class=\"yoast-schema-graph\">{\"@context\":\"https:\/\/schema.org\",\"@graph\":[{\"@type\":\"WebPage\",\"@id\":\"https:\/\/imsis.org\/index.php\/partenariat\/\",\"url\":\"https:\/\/imsis.org\/index.php\/partenariat\/\",\"name\":\"Partenariat -\",\"isPartOf\":{\"@id\":\"https:\/\/imsis.org\/#website\"},\"datePublished\":\"2017-04-19T10:01:52+00:00\",\"dateModified\":\"2017-10-28T11:57:46+00:00\",\"breadcrumb\":{\"@id\":\"https:\/\/imsis.org\/index.php\/partenariat\/#breadcrumb\"},\"inLanguage\":\"fr-FR\",\"potentialAction\":[{\"@type\":\"ReadAction\",\"target\":[\"https:\/\/imsis.org\/index.php\/partenariat\/\"]}]},{\"@type\":\"BreadcrumbList\",\"@id\":\"https:\/\/imsis.org\/index.php\/partenariat\/#breadcrumb\",\"itemListElement\":[{\"@type\":\"ListItem\",\"position\":1,\"name\":\"Accueil\",\"item\":\"http:\/\/imsis.org\/\"},{\"@type\":\"ListItem\",\"position\":2,\"name\":\"Partenariat\"}]},{\"@type\":\"WebSite\",\"@id\":\"https:\/\/imsis.org\/#website\",\"url\":\"https:\/\/imsis.org\/\",\"name\":\"\",\"description\":\"\",\"potentialAction\":[{\"@type\":\"SearchAction\",\"target\":{\"@type\":\"EntryPoint\",\"urlTemplate\":\"https:\/\/imsis.org\/?s={search_term_string}\"},\"query-input\":\"required name=search_term_string\"}],\"inLanguage\":\"fr-FR\"}]}<\/script>\n<!-- \/ Yoast SEO plugin. -->","yoast_head_json":{"title":"Partenariat -","robots":{"index":"index","follow":"follow","max-snippet":"max-snippet:-1","max-image-preview":"max-image-preview:large","max-video-preview":"max-video-preview:-1"},"canonical":"https:\/\/imsis.org\/index.php\/partenariat\/","og_locale":"fr_FR","og_type":"article","og_title":"Partenariat -","og_description":"Le master IMSIS entretiendra des partenariats avec des universit\u00e9s, institutions, structures, organisations, soci\u00e9t\u00e9s savantes dans le cadre des \u00e9changes, de la mobilit\u00e9 des enseignants, de l\u2019expertise, de l\u2019enseignement, de la recherche scientifique, des stages, de l\u2019insertion socio-professionnelle, etc. Les partenaires potentiels sont entre autres : Minist\u00e8re de la sant\u00e9\u00a0; Universit\u00e9s Ouaga 1 Pr Joseph Ki-Zerbo\u00a0;...Read More &ldquo;Partenariat&rdquo; &raquo;","og_url":"https:\/\/imsis.org\/index.php\/partenariat\/","article_publisher":"https:\/\/www.facebook.com\/MasterImsis","article_modified_time":"2017-10-28T11:57:46+00:00","twitter_card":"summary","schema":{"@context":"https:\/\/schema.org","@graph":[{"@type":"WebPage","@id":"https:\/\/imsis.org\/index.php\/partenariat\/","url":"https:\/\/imsis.org\/index.php\/partenariat\/","name":"Partenariat -","isPartOf":{"@id":"https:\/\/imsis.org\/#website"},"datePublished":"2017-04-19T10:01:52+00:00","dateModified":"2017-10-28T11:57:46+00:00","breadcrumb":{"@id":"https:\/\/imsis.org\/index.php\/partenariat\/#breadcrumb"},"inLanguage":"fr-FR","potentialAction":[{"@type":"ReadAction","target":["https:\/\/imsis.org\/index.php\/partenariat\/"]}]},{"@type":"BreadcrumbList","@id":"https:\/\/imsis.org\/index.php\/partenariat\/#breadcrumb","itemListElement":[{"@type":"ListItem","position":1,"name":"Accueil","item":"http:\/\/imsis.org\/"},{"@type":"ListItem","position":2,"name":"Partenariat"}]},{"@type":"WebSite","@id":"https:\/\/imsis.org\/#website","url":"https:\/\/imsis.org\/","name":"","description":"","potentialAction":[{"@type":"SearchAction","target":{"@type":"EntryPoint","urlTemplate":"https:\/\/imsis.org\/?s={search_term_string}"},"query-input":"required name=search_term_string"}],"inLanguage":"fr-FR"}]}},"jetpack_sharing_enabled":true,"jetpack_shortlink":"https:\/\/wp.me\/P8EeRG-c","jetpack_likes_enabled":true,"_links":{"self":[{"href":"https:\/\/imsis.org\/index.php\/wp-json\/wp\/v2\/pages\/12"}],"collection":[{"href":"https:\/\/imsis.org\/index.php\/wp-json\/wp\/v2\/pages"}],"about":[{"href":"https:\/\/imsis.org\/index.php\/wp-json\/wp\/v2\/types\/page"}],"author":[{"embeddable":true,"href":"https:\/\/imsis.org\/index.php\/wp-json\/wp\/v2\/users\/1"}],"replies":[{"embeddable":true,"href":"https:\/\/imsis.org\/index.php\/wp-json\/wp\/v2\/comments?post=12"}],"version-history":[{"count":7,"href":"https:\/\/imsis.org\/index.php\/wp-json\/wp\/v2\/pages\/12\/revisions"}],"predecessor-version":[{"id":178,"href":"https:\/\/imsis.org\/index.php\/wp-json\/wp\/v2\/pages\/12\/revisions\/178"}],"wp:attachment":[{"href":"https:\/\/imsis.org\/index.php\/wp-json\/wp\/v2\/media?parent=12"}],"curies":[{"name":"wp","href":"https:\/\/api.w.org\/{rel}","templated":true}]}}