{"id":255,"date":"2017-12-07T13:17:10","date_gmt":"2017-12-07T12:17:10","guid":{"rendered":"http:\/\/imsis.org\/?page_id=255"},"modified":"2022-01-04T12:37:21","modified_gmt":"2022-01-04T11:37:21","slug":"actualites","status":"publish","type":"page","link":"https:\/\/imsis.org\/index.php\/actualites\/","title":{"rendered":"Actualit\u00e9s"},"content":{"rendered":"<div><\/div>\n<div>\n<h3><span style=\"color: #ff0000;\"><em><strong>LUNDI 20 D\u00c9CEMBRE 2021, SOUTENANCES DE LA PREMI\u00c8RE PROMOTION DU MASTER<\/strong><\/em><\/span><\/h3>\n<table style=\"border-collapse: collapse; width: 100%; height: 138px;\">\n<tbody>\n<tr style=\"height: 23px;\">\n<td style=\"width: 25.2066%; height: 23px; text-align: center;\">\n<h2><span style=\"color: #3366ff;\"><strong>Nom &amp; Pr\u00e9noms<\/strong><\/span><\/h2>\n<\/td>\n<td style=\"width: 74.7934%; height: 23px; text-align: center;\">\n<h2><span style=\"color: #3366ff;\"><strong>Intitul\u00e9 du m\u00e9moire<\/strong><\/span><\/h2>\n<\/td>\n<\/tr>\n<tr style=\"height: 23px;\">\n<td style=\"width: 25.2066%; height: 23px;\">\n<h2><strong><span style=\"font-family: verdana, geneva, sans-serif; color: #000000;\">TROARE A. Si\u00e9 Ars\u00e8ne\u00a0<\/span><\/strong><\/h2>\n<\/td>\n<td style=\"width: 74.7934%; height: 23px;\">\n<h2><span style=\"font-family: tahoma, arial, helvetica, sans-serif; color: #ff6600;\"><strong>Mise en place d\u2019un syst\u00e8me de d\u00e9tection automatique des signaux en pharmacovigilance dans le d\u00e9partement de pharmacie du CHUSS de Bobo-Dioulasso<\/strong><\/span><\/h2>\n<\/td>\n<\/tr>\n<tr style=\"height: 23px;\">\n<td style=\"width: 25.2066%; height: 23px;\">\n<h2><strong><span style=\"font-family: verdana, geneva, sans-serif; color: #000000;\">TRAORE Cheick Oumar<\/span><\/strong><\/h2>\n<\/td>\n<td style=\"width: 74.7934%; height: 23px;\">\n<h2><span style=\"font-family: tahoma, arial, helvetica, sans-serif; color: #ff6600;\"><strong>Adaptation d\u2019un logiciel SIH au contexte du Burkina Faso\u00a0: \u00ab\u00a0Application au Centre Covid-19 du CHUSS de Bobo-Dioulasso\u00a0\u00bb<\/strong><\/span><\/h2>\n<\/td>\n<\/tr>\n<tr style=\"height: 23px;\">\n<td style=\"width: 25.2066%; height: 23px;\">\n<h2><strong><span style=\"font-family: verdana, geneva, sans-serif; color: #000000;\">DICKO Amadou<\/span><\/strong><\/h2>\n<\/td>\n<td style=\"width: 74.7934%; height: 23px;\">\n<h2><span style=\"font-family: tahoma, arial, helvetica, sans-serif; color: #ff6600;\"><strong>Mise en place d\u2019un syst\u00e8me d\u2019information d\u00e9cisionnel pour le suivi des pathog\u00e8nes\u00a0dangereux<\/strong><\/span><\/h2>\n<\/td>\n<\/tr>\n<tr style=\"height: 23px;\">\n<td style=\"width: 25.2066%; height: 23px;\">\n<h2><strong><span style=\"font-family: verdana, geneva, sans-serif; color: #000000;\">TRAORE Sedina Ali<\/span><\/strong><\/h2>\n<\/td>\n<td style=\"width: 74.7934%; height: 23px;\">\n<h2><span style=\"font-family: tahoma, arial, helvetica, sans-serif; color: #ff6600;\"><strong>D\u00e9termination des \u00ab cas critiques \u00bb du statut VIH chez des patients tuberculeux par la m\u00e9thode de l\u2019apprentissage profond\u00a0\u00bb (deep learning)<\/strong><\/span><\/h2>\n<\/td>\n<\/tr>\n<tr style=\"height: 23px;\">\n<td style=\"width: 25.2066%; height: 23px;\">\n<h2><strong><span style=\"font-family: verdana, geneva, sans-serif; color: #000000;\">YARA Mimbour\u00e9<\/span><\/strong><\/h2>\n<\/td>\n<td style=\"width: 74.7934%; height: 23px;\">\n<h2><span style=\"font-family: tahoma, arial, helvetica, sans-serif; color: #ff6600;\"><strong>Conception d\u2019une application pour l\u2019\u00e9valuation automatique de la qualit\u00e9 des donn\u00e9es\u00a0: \u00ab\u00a0Package Data Quality Assessment ( PackDQA)\u00a0\u00bb<\/strong><\/span><\/h2>\n<\/td>\n<\/tr>\n<\/tbody>\n<\/table>\n<\/div>\n<div><span style=\"font-size: 18pt; color: #3366ff;\"><em><strong><span style=\"font-family: 'times new roman', times, serif;\"><a style=\"color: #3366ff;\" href=\"http:\/\/imsis.org\/wp-content\/uploads\/2017\/04\/Appel-\u00e0-candidature-pour-le-recrutement-de-la-promotion-2018-2020-du-Master-dInformatique-M\u00e9dicale-et-Syst\u00e8me-dInformation-en-Sant\u00e9-1.pdf\" target=\"_blank\" rel=\"noopener noreferrer\">Appel \u00e0 candidature pour le recrutement de la promotion 2018-2020 du Master d&#8217;Informatique M\u00e9dicale et Syst\u00e8me d&#8217;Information en Sant\u00e9<\/a>\u00a0<\/span><\/strong><\/em><\/span><\/div>\n<p>Le 02 d\u00e9cembre 2017: Lancement du\u00a0master d\u2019Informatique M\u00e9dicale et Syst\u00e8me d\u2019Information en sant\u00e9\u00a0(IMSIS)<\/p>\n<p>en pr\u00e9sence des hautes autorit\u00e9s de l&#8217;enseignement dont le ministre de\u00a0de l&#8217;enseignement sup\u00e9rieur, le Professeur Alkassoum Maiga et des partenaires du master IMSIS.<\/p>\n<div id=\"metaslider-id-238\" style=\"max-width: 700px;\" class=\"ml-slider-3-108-0 metaslider metaslider-flex metaslider-238 ml-slider has-dots-nav ms-theme-default\" role=\"region\" aria-label=\"New Slideshow\" data-height=\"300\" data-width=\"700\">\n    <div id=\"metaslider_container_238\">\n        <div id=\"metaslider_238\">\n            <ul class='slides'>\n                <li style=\"display: block; width: 100%;\" class=\"slide-239 ms-image \" aria-roledescription=\"slide\" data-date=\"2017-12-07 11:37:10\" data-filename=\"1-21-700x300.jpg\" data-slide-type=\"image\"><img src=\"https:\/\/imsis.org\/wp-content\/uploads\/2017\/12\/1-21-700x300.jpg\" height=\"300\" width=\"700\" alt=\"\" class=\"slider-238 slide-239 msDefaultImage\" \/><\/li>\n                <li style=\"display: none; width: 100%;\" class=\"slide-241 ms-image \" aria-roledescription=\"slide\" data-date=\"2017-12-07 11:37:49\" data-filename=\"t\u00e9l\u00e9chargement-275x117.jpg\" data-slide-type=\"image\"><img src=\"https:\/\/imsis.org\/wp-content\/uploads\/2017\/12\/t\u00e9l\u00e9chargement-275x117.jpg\" height=\"300\" width=\"700\" alt=\"\" class=\"slider-238 slide-241 msDefaultImage\" \/><\/li>\n                <li style=\"display: none; width: 100%;\" class=\"slide-243 ms-image \" aria-roledescription=\"slide\" data-date=\"2017-12-07 11:38:45\" data-filename=\"IMG_20171202_102628-700x300.jpg\" data-slide-type=\"image\"><img src=\"https:\/\/imsis.org\/wp-content\/uploads\/2017\/12\/IMG_20171202_102628-700x300.jpg\" height=\"300\" width=\"700\" alt=\"\" class=\"slider-238 slide-243 msDefaultImage\" \/><\/li>\n            <\/ul>\n        <\/div>\n        \n    <\/div>\n<\/div>\n<p><img loading=\"lazy\" class=\"wp-image-240 alignright\" src=\"http:\/\/imsis.org\/wp-content\/uploads\/2017\/12\/t\u00e9l\u00e9chargement.jpg\" alt=\"\" width=\"355\" height=\"236\" \/><img loading=\"lazy\" class=\"wp-image-242 alignleft\" src=\"http:\/\/imsis.org\/wp-content\/uploads\/2017\/12\/IMG_20171202_102628-169x300.jpg\" alt=\"\" width=\"146\" height=\"259\" srcset=\"https:\/\/imsis.org\/wp-content\/uploads\/2017\/12\/IMG_20171202_102628-169x300.jpg 169w, https:\/\/imsis.org\/wp-content\/uploads\/2017\/12\/IMG_20171202_102628-768x1365.jpg 768w, https:\/\/imsis.org\/wp-content\/uploads\/2017\/12\/IMG_20171202_102628-576x1024.jpg 576w, https:\/\/imsis.org\/wp-content\/uploads\/2017\/12\/IMG_20171202_102628-152x270.jpg 152w, https:\/\/imsis.org\/wp-content\/uploads\/2017\/12\/IMG_20171202_102628.jpg 1440w\" sizes=\"(max-width: 146px) 100vw, 146px\" \/><\/p>\n","protected":false},"excerpt":{"rendered":"<p>LUNDI 20 D\u00c9CEMBRE 2021, SOUTENANCES DE LA PREMI\u00c8RE PROMOTION DU MASTER Nom &amp; Pr\u00e9noms Intitul\u00e9 du m\u00e9moire TROARE A. Si\u00e9 Ars\u00e8ne\u00a0 Mise en place d\u2019un syst\u00e8me de d\u00e9tection automatique des signaux en pharmacovigilance dans le d\u00e9partement de pharmacie du CHUSS de Bobo-Dioulasso TRAORE Cheick Oumar Adaptation d\u2019un logiciel SIH au contexte du Burkina Faso\u00a0: \u00ab\u00a0Application&#8230;<\/p>\n<p class=\"more-link-wrap\"><a href=\"https:\/\/imsis.org\/index.php\/actualites\/\" class=\"more-link\">Read More<span class=\"screen-reader-text\"> &ldquo;Actualit\u00e9s&rdquo;<\/span> &raquo;<\/a><\/p>\n","protected":false},"author":1,"featured_media":0,"parent":0,"menu_order":0,"comment_status":"closed","ping_status":"closed","template":"","meta":{"jetpack_post_was_ever_published":false},"yoast_head":"<!-- This site is optimized with the Yoast SEO plugin v19.6 - https:\/\/yoast.com\/wordpress\/plugins\/seo\/ -->\n<title>Actualit\u00e9s -<\/title>\n<meta name=\"robots\" content=\"index, follow, max-snippet:-1, max-image-preview:large, max-video-preview:-1\" \/>\n<link rel=\"canonical\" href=\"http:\/\/imsis.org\/index.php\/actualites\/\" \/>\n<meta property=\"og:locale\" content=\"fr_FR\" \/>\n<meta property=\"og:type\" content=\"article\" \/>\n<meta property=\"og:title\" content=\"Actualit\u00e9s -\" \/>\n<meta property=\"og:description\" content=\"LUNDI 20 D\u00c9CEMBRE 2021, SOUTENANCES DE LA PREMI\u00c8RE PROMOTION DU MASTER Nom &amp; Pr\u00e9noms Intitul\u00e9 du m\u00e9moire TROARE A. Si\u00e9 Ars\u00e8ne\u00a0 Mise en place d\u2019un syst\u00e8me de d\u00e9tection automatique des signaux en pharmacovigilance dans le d\u00e9partement de pharmacie du CHUSS de Bobo-Dioulasso TRAORE Cheick Oumar Adaptation d\u2019un logiciel SIH au contexte du Burkina Faso\u00a0: \u00ab\u00a0Application...Read More &ldquo;Actualit\u00e9s&rdquo; &raquo;\" \/>\n<meta property=\"og:url\" content=\"http:\/\/imsis.org\/index.php\/actualites\/\" \/>\n<meta property=\"article:publisher\" content=\"https:\/\/www.facebook.com\/MasterImsis\" \/>\n<meta property=\"article:modified_time\" content=\"2022-01-04T11:37:21+00:00\" \/>\n<meta property=\"og:image\" content=\"http:\/\/imsis.org\/wp-content\/uploads\/2017\/12\/IMG_20171202_102628-169x300.jpg\" \/>\n<meta name=\"twitter:card\" content=\"summary\" \/>\n<meta name=\"twitter:label1\" content=\"Dur\u00e9e de lecture estim\u00e9e\" \/>\n\t<meta name=\"twitter:data1\" content=\"2 minutes\" \/>\n<script type=\"application\/ld+json\" class=\"yoast-schema-graph\">{\"@context\":\"https:\/\/schema.org\",\"@graph\":[{\"@type\":\"WebPage\",\"@id\":\"http:\/\/imsis.org\/index.php\/actualites\/\",\"url\":\"http:\/\/imsis.org\/index.php\/actualites\/\",\"name\":\"Actualit\u00e9s -\",\"isPartOf\":{\"@id\":\"https:\/\/imsis.org\/#website\"},\"datePublished\":\"2017-12-07T12:17:10+00:00\",\"dateModified\":\"2022-01-04T11:37:21+00:00\",\"breadcrumb\":{\"@id\":\"http:\/\/imsis.org\/index.php\/actualites\/#breadcrumb\"},\"inLanguage\":\"fr-FR\",\"potentialAction\":[{\"@type\":\"ReadAction\",\"target\":[\"http:\/\/imsis.org\/index.php\/actualites\/\"]}]},{\"@type\":\"BreadcrumbList\",\"@id\":\"http:\/\/imsis.org\/index.php\/actualites\/#breadcrumb\",\"itemListElement\":[{\"@type\":\"ListItem\",\"position\":1,\"name\":\"Accueil\",\"item\":\"http:\/\/imsis.org\/\"},{\"@type\":\"ListItem\",\"position\":2,\"name\":\"Actualit\u00e9s\"}]},{\"@type\":\"WebSite\",\"@id\":\"https:\/\/imsis.org\/#website\",\"url\":\"https:\/\/imsis.org\/\",\"name\":\"\",\"description\":\"\",\"potentialAction\":[{\"@type\":\"SearchAction\",\"target\":{\"@type\":\"EntryPoint\",\"urlTemplate\":\"https:\/\/imsis.org\/?s={search_term_string}\"},\"query-input\":\"required name=search_term_string\"}],\"inLanguage\":\"fr-FR\"}]}<\/script>\n<!-- \/ Yoast SEO plugin. -->","yoast_head_json":{"title":"Actualit\u00e9s -","robots":{"index":"index","follow":"follow","max-snippet":"max-snippet:-1","max-image-preview":"max-image-preview:large","max-video-preview":"max-video-preview:-1"},"canonical":"http:\/\/imsis.org\/index.php\/actualites\/","og_locale":"fr_FR","og_type":"article","og_title":"Actualit\u00e9s -","og_description":"LUNDI 20 D\u00c9CEMBRE 2021, SOUTENANCES DE LA PREMI\u00c8RE PROMOTION DU MASTER Nom &amp; Pr\u00e9noms Intitul\u00e9 du m\u00e9moire TROARE A. Si\u00e9 Ars\u00e8ne\u00a0 Mise en place d\u2019un syst\u00e8me de d\u00e9tection automatique des signaux en pharmacovigilance dans le d\u00e9partement de pharmacie du CHUSS de Bobo-Dioulasso TRAORE Cheick Oumar Adaptation d\u2019un logiciel SIH au contexte du Burkina Faso\u00a0: \u00ab\u00a0Application...Read More &ldquo;Actualit\u00e9s&rdquo; &raquo;","og_url":"http:\/\/imsis.org\/index.php\/actualites\/","article_publisher":"https:\/\/www.facebook.com\/MasterImsis","article_modified_time":"2022-01-04T11:37:21+00:00","og_image":[{"url":"http:\/\/imsis.org\/wp-content\/uploads\/2017\/12\/IMG_20171202_102628-169x300.jpg"}],"twitter_card":"summary","twitter_misc":{"Dur\u00e9e de lecture estim\u00e9e":"2 minutes"},"schema":{"@context":"https:\/\/schema.org","@graph":[{"@type":"WebPage","@id":"http:\/\/imsis.org\/index.php\/actualites\/","url":"http:\/\/imsis.org\/index.php\/actualites\/","name":"Actualit\u00e9s -","isPartOf":{"@id":"https:\/\/imsis.org\/#website"},"datePublished":"2017-12-07T12:17:10+00:00","dateModified":"2022-01-04T11:37:21+00:00","breadcrumb":{"@id":"http:\/\/imsis.org\/index.php\/actualites\/#breadcrumb"},"inLanguage":"fr-FR","potentialAction":[{"@type":"ReadAction","target":["http:\/\/imsis.org\/index.php\/actualites\/"]}]},{"@type":"BreadcrumbList","@id":"http:\/\/imsis.org\/index.php\/actualites\/#breadcrumb","itemListElement":[{"@type":"ListItem","position":1,"name":"Accueil","item":"http:\/\/imsis.org\/"},{"@type":"ListItem","position":2,"name":"Actualit\u00e9s"}]},{"@type":"WebSite","@id":"https:\/\/imsis.org\/#website","url":"https:\/\/imsis.org\/","name":"","description":"","potentialAction":[{"@type":"SearchAction","target":{"@type":"EntryPoint","urlTemplate":"https:\/\/imsis.org\/?s={search_term_string}"},"query-input":"required name=search_term_string"}],"inLanguage":"fr-FR"}]}},"jetpack_sharing_enabled":true,"jetpack_shortlink":"https:\/\/wp.me\/P8EeRG-47","jetpack_likes_enabled":true,"_links":{"self":[{"href":"https:\/\/imsis.org\/index.php\/wp-json\/wp\/v2\/pages\/255"}],"collection":[{"href":"https:\/\/imsis.org\/index.php\/wp-json\/wp\/v2\/pages"}],"about":[{"href":"https:\/\/imsis.org\/index.php\/wp-json\/wp\/v2\/types\/page"}],"author":[{"embeddable":true,"href":"https:\/\/imsis.org\/index.php\/wp-json\/wp\/v2\/users\/1"}],"replies":[{"embeddable":true,"href":"https:\/\/imsis.org\/index.php\/wp-json\/wp\/v2\/comments?post=255"}],"version-history":[{"count":19,"href":"https:\/\/imsis.org\/index.php\/wp-json\/wp\/v2\/pages\/255\/revisions"}],"predecessor-version":[{"id":479,"href":"https:\/\/imsis.org\/index.php\/wp-json\/wp\/v2\/pages\/255\/revisions\/479"}],"wp:attachment":[{"href":"https:\/\/imsis.org\/index.php\/wp-json\/wp\/v2\/media?parent=255"}],"curies":[{"name":"wp","href":"https:\/\/api.w.org\/{rel}","templated":true}]}}