{"id":392,"date":"2019-03-01T10:52:00","date_gmt":"2019-03-01T09:52:00","guid":{"rendered":"http:\/\/imsis.org\/?page_id=392"},"modified":"2021-12-24T18:23:42","modified_gmt":"2021-12-24T17:23:42","slug":"informations-pedagogiques","status":"publish","type":"page","link":"https:\/\/imsis.org\/index.php\/informations-pedagogiques\/","title":{"rendered":"Informations P\u00e9dagogiques"},"content":{"rendered":"<h2><span style=\"color: #ff0000;\"><em><strong>LUNDI 20 D\u00c9CEMBRE 2021, SOUTENANCES DE LA PREMI\u00c8RE PROMOTION DU MASTER<\/strong><\/em><\/span><\/h2>\n<p>Cliquez sur le lien pour t\u00e9l\u00e9charger la liste<\/p>\n<p><span style=\"text-decoration: underline;\"><a style=\"color: #0000ff;\" href=\"http:\/\/imsis.org\/wp-content\/uploads\/2017\/04\/2018-12-19-08-54.pdf\"><span style=\"font-size: medium;\"><i>R\u00e9sultat de la s\u00e9lection des dossiers de candidature de Master IMSIS 2018-2019 <\/i><\/span><\/a><\/span><\/p>\n","protected":false},"excerpt":{"rendered":"<p>LUNDI 20 D\u00c9CEMBRE 2021, SOUTENANCES DE LA PREMI\u00c8RE PROMOTION DU MASTER Cliquez sur le lien pour t\u00e9l\u00e9charger la liste R\u00e9sultat de la s\u00e9lection des dossiers de candidature de Master IMSIS 2018-2019<\/p>\n","protected":false},"author":1,"featured_media":0,"parent":0,"menu_order":0,"comment_status":"closed","ping_status":"closed","template":"","meta":{"jetpack_post_was_ever_published":false},"yoast_head":"<!-- This site is optimized with the Yoast SEO plugin v19.6 - https:\/\/yoast.com\/wordpress\/plugins\/seo\/ -->\n<title>Informations P\u00e9dagogiques -<\/title>\n<meta name=\"robots\" content=\"index, follow, max-snippet:-1, max-image-preview:large, max-video-preview:-1\" \/>\n<link rel=\"canonical\" href=\"http:\/\/imsis.org\/index.php\/informations-pedagogiques\/\" \/>\n<meta property=\"og:locale\" content=\"fr_FR\" \/>\n<meta property=\"og:type\" content=\"article\" \/>\n<meta property=\"og:title\" content=\"Informations P\u00e9dagogiques -\" \/>\n<meta property=\"og:description\" content=\"LUNDI 20 D\u00c9CEMBRE 2021, SOUTENANCES DE LA PREMI\u00c8RE PROMOTION DU MASTER Cliquez sur le lien pour t\u00e9l\u00e9charger la liste R\u00e9sultat de la s\u00e9lection des dossiers de candidature de Master IMSIS 2018-2019\" \/>\n<meta property=\"og:url\" content=\"http:\/\/imsis.org\/index.php\/informations-pedagogiques\/\" \/>\n<meta property=\"article:publisher\" content=\"https:\/\/www.facebook.com\/MasterImsis\" \/>\n<meta property=\"article:modified_time\" content=\"2021-12-24T17:23:42+00:00\" \/>\n<meta name=\"twitter:card\" content=\"summary\" \/>\n<meta name=\"twitter:label1\" content=\"Dur\u00e9e de lecture estim\u00e9e\" \/>\n\t<meta name=\"twitter:data1\" content=\"1 minute\" \/>\n<script type=\"application\/ld+json\" class=\"yoast-schema-graph\">{\"@context\":\"https:\/\/schema.org\",\"@graph\":[{\"@type\":\"WebPage\",\"@id\":\"http:\/\/imsis.org\/index.php\/informations-pedagogiques\/\",\"url\":\"http:\/\/imsis.org\/index.php\/informations-pedagogiques\/\",\"name\":\"Informations P\u00e9dagogiques -\",\"isPartOf\":{\"@id\":\"https:\/\/imsis.org\/#website\"},\"datePublished\":\"2019-03-01T09:52:00+00:00\",\"dateModified\":\"2021-12-24T17:23:42+00:00\",\"breadcrumb\":{\"@id\":\"http:\/\/imsis.org\/index.php\/informations-pedagogiques\/#breadcrumb\"},\"inLanguage\":\"fr-FR\",\"potentialAction\":[{\"@type\":\"ReadAction\",\"target\":[\"http:\/\/imsis.org\/index.php\/informations-pedagogiques\/\"]}]},{\"@type\":\"BreadcrumbList\",\"@id\":\"http:\/\/imsis.org\/index.php\/informations-pedagogiques\/#breadcrumb\",\"itemListElement\":[{\"@type\":\"ListItem\",\"position\":1,\"name\":\"Accueil\",\"item\":\"http:\/\/imsis.org\/\"},{\"@type\":\"ListItem\",\"position\":2,\"name\":\"Informations P\u00e9dagogiques\"}]},{\"@type\":\"WebSite\",\"@id\":\"https:\/\/imsis.org\/#website\",\"url\":\"https:\/\/imsis.org\/\",\"name\":\"\",\"description\":\"\",\"potentialAction\":[{\"@type\":\"SearchAction\",\"target\":{\"@type\":\"EntryPoint\",\"urlTemplate\":\"https:\/\/imsis.org\/?s={search_term_string}\"},\"query-input\":\"required name=search_term_string\"}],\"inLanguage\":\"fr-FR\"}]}<\/script>\n<!-- \/ Yoast SEO plugin. -->","yoast_head_json":{"title":"Informations P\u00e9dagogiques -","robots":{"index":"index","follow":"follow","max-snippet":"max-snippet:-1","max-image-preview":"max-image-preview:large","max-video-preview":"max-video-preview:-1"},"canonical":"http:\/\/imsis.org\/index.php\/informations-pedagogiques\/","og_locale":"fr_FR","og_type":"article","og_title":"Informations P\u00e9dagogiques -","og_description":"LUNDI 20 D\u00c9CEMBRE 2021, SOUTENANCES DE LA PREMI\u00c8RE PROMOTION DU MASTER Cliquez sur le lien pour t\u00e9l\u00e9charger la liste R\u00e9sultat de la s\u00e9lection des dossiers de candidature de Master IMSIS 2018-2019","og_url":"http:\/\/imsis.org\/index.php\/informations-pedagogiques\/","article_publisher":"https:\/\/www.facebook.com\/MasterImsis","article_modified_time":"2021-12-24T17:23:42+00:00","twitter_card":"summary","twitter_misc":{"Dur\u00e9e de lecture estim\u00e9e":"1 minute"},"schema":{"@context":"https:\/\/schema.org","@graph":[{"@type":"WebPage","@id":"http:\/\/imsis.org\/index.php\/informations-pedagogiques\/","url":"http:\/\/imsis.org\/index.php\/informations-pedagogiques\/","name":"Informations P\u00e9dagogiques -","isPartOf":{"@id":"https:\/\/imsis.org\/#website"},"datePublished":"2019-03-01T09:52:00+00:00","dateModified":"2021-12-24T17:23:42+00:00","breadcrumb":{"@id":"http:\/\/imsis.org\/index.php\/informations-pedagogiques\/#breadcrumb"},"inLanguage":"fr-FR","potentialAction":[{"@type":"ReadAction","target":["http:\/\/imsis.org\/index.php\/informations-pedagogiques\/"]}]},{"@type":"BreadcrumbList","@id":"http:\/\/imsis.org\/index.php\/informations-pedagogiques\/#breadcrumb","itemListElement":[{"@type":"ListItem","position":1,"name":"Accueil","item":"http:\/\/imsis.org\/"},{"@type":"ListItem","position":2,"name":"Informations P\u00e9dagogiques"}]},{"@type":"WebSite","@id":"https:\/\/imsis.org\/#website","url":"https:\/\/imsis.org\/","name":"","description":"","potentialAction":[{"@type":"SearchAction","target":{"@type":"EntryPoint","urlTemplate":"https:\/\/imsis.org\/?s={search_term_string}"},"query-input":"required name=search_term_string"}],"inLanguage":"fr-FR"}]}},"jetpack_sharing_enabled":true,"jetpack_shortlink":"https:\/\/wp.me\/P8EeRG-6k","jetpack_likes_enabled":true,"_links":{"self":[{"href":"https:\/\/imsis.org\/index.php\/wp-json\/wp\/v2\/pages\/392"}],"collection":[{"href":"https:\/\/imsis.org\/index.php\/wp-json\/wp\/v2\/pages"}],"about":[{"href":"https:\/\/imsis.org\/index.php\/wp-json\/wp\/v2\/types\/page"}],"author":[{"embeddable":true,"href":"https:\/\/imsis.org\/index.php\/wp-json\/wp\/v2\/users\/1"}],"replies":[{"embeddable":true,"href":"https:\/\/imsis.org\/index.php\/wp-json\/wp\/v2\/comments?post=392"}],"version-history":[{"count":4,"href":"https:\/\/imsis.org\/index.php\/wp-json\/wp\/v2\/pages\/392\/revisions"}],"predecessor-version":[{"id":460,"href":"https:\/\/imsis.org\/index.php\/wp-json\/wp\/v2\/pages\/392\/revisions\/460"}],"wp:attachment":[{"href":"https:\/\/imsis.org\/index.php\/wp-json\/wp\/v2\/media?parent=392"}],"curies":[{"name":"wp","href":"https:\/\/api.w.org\/{rel}","templated":true}]}}