{"id":4,"date":"2017-04-19T11:59:08","date_gmt":"2017-04-19T09:59:08","guid":{"rendered":"http:\/\/imsis.org\/?page_id=4"},"modified":"2022-08-02T11:42:37","modified_gmt":"2022-08-02T09:42:37","slug":"accueil","status":"publish","type":"page","link":"https:\/\/imsis.org\/","title":{"rendered":"Accueil"},"content":{"rendered":"\t\t<div data-elementor-type=\"wp-page\" data-elementor-id=\"4\" class=\"elementor elementor-4\">\n\t\t\t\t\t\t\t\t\t<section class=\"elementor-section elementor-top-section elementor-element elementor-element-56f0d59d elementor-section-boxed elementor-section-height-default elementor-section-height-default\" data-id=\"56f0d59d\" data-element_type=\"section\">\n\t\t\t\t\t\t<div class=\"elementor-container elementor-column-gap-default\">\n\t\t\t\t\t<div class=\"elementor-column elementor-col-100 elementor-top-column elementor-element elementor-element-c4d2dc1\" data-id=\"c4d2dc1\" data-element_type=\"column\">\n\t\t\t<div class=\"elementor-widget-wrap elementor-element-populated\">\n\t\t\t\t\t\t\t\t<div class=\"elementor-element elementor-element-3a467033 elementor-widget elementor-widget-text-editor\" data-id=\"3a467033\" data-element_type=\"widget\" data-widget_type=\"text-editor.default\">\n\t\t\t\t<div class=\"elementor-widget-container\">\n\t\t\t\t\t\t\t<span style=\"font-family: 'times new roman', times, serif;\"><span style=\"font-size: 14pt;\"><strong><span style=\"color: #000000;\">MASTER D&#8217;INFORMATIQUE M\u00c9DICALE ET\u00a0<\/span><\/strong><\/span><span style=\"font-size: 14pt;\"><strong><span style=\"color: #000000;\">SYST\u00c8ME D&#8217;IN<\/span><\/strong><\/span><\/span><span style=\"font-family: 'times new roman', times, serif; font-size: 14pt;\"><strong><span style=\"color: #000000;\">FORMATION\u00a0 EN\u00a0SANT\u00c9 (IMSIS)<\/span><\/strong><\/span>\n<h3><span style=\"color: #3366ff;\"><a style=\"color: #3366ff;\" href=\"http:\/\/imsis.org\/wp-content\/uploads\/2022\/08\/Communique_MasterIMSIS_2022_2023.pdf\" target=\"_blank\" rel=\"noopener\"><marquee><em><strong>Appel \u00e0 candidatures pour le recrutement d&#8217;\u00e9tudiants, 3\u00e8 promotion<\/strong><\/em><\/marquee><\/a><\/span><\/h3>\n<img loading=\"lazy\" class=\"size-medium wp-image-465 alignright\" src=\"http:\/\/imsis.org\/wp-content\/uploads\/2022\/01\/Soutenances-master-212x300.png\" alt=\"\" width=\"212\" height=\"300\" srcset=\"https:\/\/imsis.org\/wp-content\/uploads\/2022\/01\/Soutenances-master-212x300.png 212w, https:\/\/imsis.org\/wp-content\/uploads\/2022\/01\/Soutenances-master-724x1024.png 724w, https:\/\/imsis.org\/wp-content\/uploads\/2022\/01\/Soutenances-master-768x1086.png 768w, https:\/\/imsis.org\/wp-content\/uploads\/2022\/01\/Soutenances-master-1086x1536.png 1086w, https:\/\/imsis.org\/wp-content\/uploads\/2022\/01\/Soutenances-master-191x270.png 191w, https:\/\/imsis.org\/wp-content\/uploads\/2022\/01\/Soutenances-master.png 1414w\" sizes=\"(max-width: 212px) 100vw, 212px\" \/>\n\n<em><strong><span style=\"font-family: 'times new roman', times, serif; color: #008000;\">Directeur du Master: Pr Macaire OUEDRAOGO<\/span><\/strong><\/em>\n\n<em><strong><span style=\"font-family: 'times new roman', times, serif; color: #008000;\">Coordonnateur\/Porteur du Master: Dr Seydou BARRO\u00a0<\/span><\/strong><\/em>\n\n<span style=\"font-size: 14pt; color: #3366ff;\"><em><strong><a style=\"color: #3366ff;\" name=\"_Toc456002608\"><\/a><\/strong><\/em><\/span><span style=\"font-size: 14pt;\"><strong><span style=\"font-family: 'arial black', sans-serif;\"><span style=\"color: #ff6600;\">Description et vision<\/span><\/span><\/strong><\/span>\n\nLes mutations actuelles en m\u00e9decine avec le d\u00e9veloppement rapide des technologies ont fait na\u00eetre le\u00a0<span style=\"line-height: 1.4em;\">besoin de mise en place de syst\u00e8me d&#8217;information performants. La cr\u00e9ation du master IMSIS r\u00e9pond \u00e0 cette n\u00e9cessit\u00e9 et a pour but,de b\u00e2tir une expertise nationale en informatique m\u00e9dicale et syst\u00e8me d&#8217;information en sant\u00e9, d&#8217;autre part, de faire de l&#8217;Universit\u00e9 Nazi BONI de Bobo-Dioulasso (UNB), un p\u00f4le d&#8217;excellence dans le domaine de la formation et de la recherche en TIC appliqu\u00e9es \u00e0 la m\u00e9decine et \u00e0 la sant\u00e9.<\/span>\n\n<span style=\"font-size: 14pt; font-family: 'arial black', sans-serif;\"><strong><span style=\"color: #ff6600;\">Objectifs<\/span><\/strong><\/span>\n\nFormer du personnel de haut niveau ayant des comp\u00e9tences conciliant le monde de la sant\u00e9 et celui de l&#8217;informatique pouvant contribuer \u00e0 l\u2019am\u00e9lioration de la sant\u00e9 par le biais des TIC. Le parcours du master IMSIS\u00a0permet de d\u00e9velopper les comp\u00e9tences en:\n<ul>\n \t<li>Syst\u00e8me d&#8217;information sanitaire et hospitalier;<\/li>\n \t<li>Gestion de donn\u00e9es de sant\u00e9;<\/li>\n \t<li>Gestion de dossier m\u00e9dical partag\u00e9 et informatisation du dossier patient;<\/li>\n \t<li>Ma\u00eetrise d&#8217;outils de recherche clinique et \u00e9pid\u00e9miologique;<\/li>\n \t<li>Aide \u00e0 la d\u00e9cision clinique, strat\u00e9gique et en sant\u00e9 publique;<\/li>\n \t<li>E-sant\u00e9 et t\u00e9l\u00e9m\u00e9decine, travail collaboratif;<\/li>\n \t<li>R\u00e8gle de s\u00e9curit\u00e9 et confidentialit\u00e9 des traitements informatiques;<\/li>\n \t<li>Bio-informatique;<\/li>\n \t<li>Evaluation qualit\u00e9;<\/li>\n \t<li>Recherche documentaire;<\/li>\n \t<li>Recherche en informatique de sant\u00e9&#8230;<\/li>\n<\/ul>\t\t\t\t\t\t<\/div>\n\t\t\t\t<\/div>\n\t\t\t\t\t<\/div>\n\t\t<\/div>\n\t\t\t\t\t\t\t<\/div>\n\t\t<\/section>\n\t\t\t\t\t\t\t<\/div>\n\t\t","protected":false},"excerpt":{"rendered":"<p>MASTER D&#8217;INFORMATIQUE M\u00c9DICALE ET\u00a0SYST\u00c8ME D&#8217;INFORMATION\u00a0 EN\u00a0SANT\u00c9 (IMSIS) Appel \u00e0 candidatures pour le recrutement d&#8217;\u00e9tudiants, 3\u00e8 promotion Directeur du Master: Pr Macaire OUEDRAOGO Coordonnateur\/Porteur du Master: Dr Seydou BARRO\u00a0 Description et vision Les mutations actuelles en m\u00e9decine avec le d\u00e9veloppement rapide des technologies ont fait na\u00eetre le\u00a0besoin de mise en place de syst\u00e8me d&#8217;information performants. La&#8230;<\/p>\n<p class=\"more-link-wrap\"><a href=\"https:\/\/imsis.org\/\" class=\"more-link\">Read More<span class=\"screen-reader-text\"> &ldquo;Accueil&rdquo;<\/span> &raquo;<\/a><\/p>\n","protected":false},"author":1,"featured_media":0,"parent":0,"menu_order":0,"comment_status":"closed","ping_status":"closed","template":"","meta":{"jetpack_post_was_ever_published":false},"yoast_head":"<!-- This site is optimized with the Yoast SEO plugin v19.6 - https:\/\/yoast.com\/wordpress\/plugins\/seo\/ -->\n<title>INFORMATIQUE M\u00c9DICALE ET SYST\u00c8ME D&#039;INFORMATION...<\/title>\n<meta name=\"description\" content=\"Master d&#039;Inform...(IMSIS) avec le Pr Macaire OUEDRAOGO....Description, vision et objectifs....E-sant\u00e9 et t\u00e9l\u00e9m\u00e9decine, travail collaboratif ..Dr Seydou BARRO\" \/>\n<meta name=\"robots\" content=\"index, follow, max-snippet:-1, max-image-preview:large, max-video-preview:-1\" \/>\n<link rel=\"canonical\" href=\"http:\/\/imsis.org\/\" \/>\n<meta property=\"og:locale\" content=\"fr_FR\" \/>\n<meta property=\"og:type\" content=\"article\" \/>\n<meta property=\"og:title\" content=\"INFORMATIQUE M\u00c9DICALE ET SYST\u00c8ME D&#039;INFORMATION...\" \/>\n<meta property=\"og:description\" content=\"Master d&#039;Inform...(IMSIS) avec le Pr Macaire OUEDRAOGO....Description, vision et objectifs....E-sant\u00e9 et t\u00e9l\u00e9m\u00e9decine, travail collaboratif ..Dr Seydou BARRO\" \/>\n<meta property=\"og:url\" content=\"http:\/\/imsis.org\/\" \/>\n<meta property=\"article:publisher\" content=\"https:\/\/www.facebook.com\/MasterImsis\" \/>\n<meta property=\"article:modified_time\" content=\"2022-08-02T09:42:37+00:00\" \/>\n<meta property=\"og:image\" content=\"http:\/\/imsis.org\/wp-content\/uploads\/2017\/12\/cropped-logo_imsis_v3-1.png\" \/>\n\t<meta property=\"og:image:width\" content=\"527\" \/>\n\t<meta property=\"og:image:height\" content=\"271\" \/>\n\t<meta property=\"og:image:type\" content=\"image\/png\" \/>\n<meta name=\"twitter:card\" content=\"summary\" \/>\n<meta name=\"twitter:label1\" content=\"Dur\u00e9e de lecture estim\u00e9e\" \/>\n\t<meta name=\"twitter:data1\" content=\"2 minutes\" \/>\n<script type=\"application\/ld+json\" class=\"yoast-schema-graph\">{\"@context\":\"https:\/\/schema.org\",\"@graph\":[{\"@type\":\"WebPage\",\"@id\":\"http:\/\/imsis.org\/\",\"url\":\"http:\/\/imsis.org\/\",\"name\":\"INFORMATIQUE M\u00c9DICALE ET SYST\u00c8ME D'INFORMATION...\",\"isPartOf\":{\"@id\":\"https:\/\/imsis.org\/#website\"},\"datePublished\":\"2017-04-19T09:59:08+00:00\",\"dateModified\":\"2022-08-02T09:42:37+00:00\",\"description\":\"Master d'Inform...(IMSIS) avec le Pr Macaire OUEDRAOGO....Description, vision et objectifs....E-sant\u00e9 et t\u00e9l\u00e9m\u00e9decine, travail collaboratif ..Dr Seydou BARRO\",\"breadcrumb\":{\"@id\":\"http:\/\/imsis.org\/#breadcrumb\"},\"inLanguage\":\"fr-FR\",\"potentialAction\":[{\"@type\":\"ReadAction\",\"target\":[\"http:\/\/imsis.org\/\"]}]},{\"@type\":\"BreadcrumbList\",\"@id\":\"http:\/\/imsis.org\/#breadcrumb\",\"itemListElement\":[{\"@type\":\"ListItem\",\"position\":1,\"name\":\"Accueil\",\"item\":\"http:\/\/imsis.org\/\"},{\"@type\":\"ListItem\",\"position\":2,\"name\":\"Accueil\"}]},{\"@type\":\"WebSite\",\"@id\":\"https:\/\/imsis.org\/#website\",\"url\":\"https:\/\/imsis.org\/\",\"name\":\"\",\"description\":\"\",\"potentialAction\":[{\"@type\":\"SearchAction\",\"target\":{\"@type\":\"EntryPoint\",\"urlTemplate\":\"https:\/\/imsis.org\/?s={search_term_string}\"},\"query-input\":\"required name=search_term_string\"}],\"inLanguage\":\"fr-FR\"}]}<\/script>\n<!-- \/ Yoast SEO plugin. -->","yoast_head_json":{"title":"INFORMATIQUE M\u00c9DICALE ET SYST\u00c8ME D'INFORMATION...","description":"Master d'Inform...(IMSIS) avec le Pr Macaire OUEDRAOGO....Description, vision et objectifs....E-sant\u00e9 et t\u00e9l\u00e9m\u00e9decine, travail collaboratif ..Dr Seydou BARRO","robots":{"index":"index","follow":"follow","max-snippet":"max-snippet:-1","max-image-preview":"max-image-preview:large","max-video-preview":"max-video-preview:-1"},"canonical":"http:\/\/imsis.org\/","og_locale":"fr_FR","og_type":"article","og_title":"INFORMATIQUE M\u00c9DICALE ET SYST\u00c8ME D'INFORMATION...","og_description":"Master d'Inform...(IMSIS) avec le Pr Macaire OUEDRAOGO....Description, vision et objectifs....E-sant\u00e9 et t\u00e9l\u00e9m\u00e9decine, travail collaboratif ..Dr Seydou BARRO","og_url":"http:\/\/imsis.org\/","article_publisher":"https:\/\/www.facebook.com\/MasterImsis","article_modified_time":"2022-08-02T09:42:37+00:00","og_image":[{"width":527,"height":271,"url":"http:\/\/imsis.org\/wp-content\/uploads\/2017\/12\/cropped-logo_imsis_v3-1.png","type":"image\/png"}],"twitter_card":"summary","twitter_misc":{"Dur\u00e9e de lecture estim\u00e9e":"2 minutes"},"schema":{"@context":"https:\/\/schema.org","@graph":[{"@type":"WebPage","@id":"http:\/\/imsis.org\/","url":"http:\/\/imsis.org\/","name":"INFORMATIQUE M\u00c9DICALE ET SYST\u00c8ME D'INFORMATION...","isPartOf":{"@id":"https:\/\/imsis.org\/#website"},"datePublished":"2017-04-19T09:59:08+00:00","dateModified":"2022-08-02T09:42:37+00:00","description":"Master d'Inform...(IMSIS) avec le Pr Macaire OUEDRAOGO....Description, vision et objectifs....E-sant\u00e9 et t\u00e9l\u00e9m\u00e9decine, travail collaboratif ..Dr Seydou BARRO","breadcrumb":{"@id":"http:\/\/imsis.org\/#breadcrumb"},"inLanguage":"fr-FR","potentialAction":[{"@type":"ReadAction","target":["http:\/\/imsis.org\/"]}]},{"@type":"BreadcrumbList","@id":"http:\/\/imsis.org\/#breadcrumb","itemListElement":[{"@type":"ListItem","position":1,"name":"Accueil","item":"http:\/\/imsis.org\/"},{"@type":"ListItem","position":2,"name":"Accueil"}]},{"@type":"WebSite","@id":"https:\/\/imsis.org\/#website","url":"https:\/\/imsis.org\/","name":"","description":"","potentialAction":[{"@type":"SearchAction","target":{"@type":"EntryPoint","urlTemplate":"https:\/\/imsis.org\/?s={search_term_string}"},"query-input":"required name=search_term_string"}],"inLanguage":"fr-FR"}]}},"jetpack_sharing_enabled":true,"jetpack_shortlink":"https:\/\/wp.me\/P8EeRG-4","jetpack_likes_enabled":true,"_links":{"self":[{"href":"https:\/\/imsis.org\/index.php\/wp-json\/wp\/v2\/pages\/4"}],"collection":[{"href":"https:\/\/imsis.org\/index.php\/wp-json\/wp\/v2\/pages"}],"about":[{"href":"https:\/\/imsis.org\/index.php\/wp-json\/wp\/v2\/types\/page"}],"author":[{"embeddable":true,"href":"https:\/\/imsis.org\/index.php\/wp-json\/wp\/v2\/users\/1"}],"replies":[{"embeddable":true,"href":"https:\/\/imsis.org\/index.php\/wp-json\/wp\/v2\/comments?post=4"}],"version-history":[{"count":75,"href":"https:\/\/imsis.org\/index.php\/wp-json\/wp\/v2\/pages\/4\/revisions"}],"predecessor-version":[{"id":510,"href":"https:\/\/imsis.org\/index.php\/wp-json\/wp\/v2\/pages\/4\/revisions\/510"}],"wp:attachment":[{"href":"https:\/\/imsis.org\/index.php\/wp-json\/wp\/v2\/media?parent=4"}],"curies":[{"name":"wp","href":"https:\/\/api.w.org\/{rel}","templated":true}]}}