{"id":5,"date":"2017-04-19T11:59:34","date_gmt":"2017-04-19T09:59:34","guid":{"rendered":"http:\/\/imsis.org\/?page_id=5"},"modified":"2017-12-07T12:20:28","modified_gmt":"2017-12-07T11:20:28","slug":"offres-de-formation","status":"publish","type":"page","link":"https:\/\/imsis.org\/index.php\/offres-de-formation\/","title":{"rendered":"Offres de formation"},"content":{"rendered":"<p><span style=\"color: #000000; font-size: 12pt; font-family: 'times new roman', times, serif;\"><strong>Dipl\u00f4me de master d&#8217;Informatique M\u00e9dicale et Syst\u00e8me d\u2019Information en sant\u00e9\u00a0<\/strong><\/span><span style=\"font-size: 12pt;\"><span style=\"color: #000000; font-family: 'times new roman', times, serif;\"><strong>(IM<\/strong><\/span><span style=\"color: #000000; font-family: 'times new roman', times, serif;\"><strong>SIS)<\/strong><\/span><\/span><\/p>\n<p><span style=\"color: #ff6600;\">\u00c9tablissement<\/span>: \u00a0 Universit\u00e9 Nazi Boni de Bobo Dioulasso<\/p>\n<p><span style=\"color: #ff6600;\">Composante<\/span>: \u00a0 \u00a0 \u00a0Institut Sup\u00e9rieur des Sciences de la sant\u00e9 (INSSA)<\/p>\n<p><span style=\"color: #ff6600;\">Domaine<\/span>: \u00a0 \u00a0 \u00a0 \u00a0 \u00a0 \u00a0Sciences de la Sant\u00e9 et de l\u2019informatique<\/p>\n<p><span style=\"color: #ff6600;\">Dipl\u00f4me<\/span>: \u00a0 \u00a0 \u00a0 \u00a0 \u00a0 \u00a0 Master d\u2019Informatique M\u00e9dicale et Syst\u00e8me d&#8217;Information en Sant\u00e9<\/p>\n<p><span style=\"color: #ff6600;\">Mention<\/span>: \u00a0 \u00a0 \u00a0 \u00a0 \u00a0 \u00a0Informatique M\u00e9dicale<\/p>\n<p><span style=\"color: #ff6600;\">Sp\u00e9cialit\u00e9<\/span>: \u00a0 \u00a0 \u00a0 \u00a0 \u00a0Informatique M\u00e9dicale et Syst\u00e8me d\u2019Information en Sant\u00e9<\/p>\n<p><span style=\"color: #ff6600;\">Dur\u00e9e<\/span>: \u00a0 \u00a0 \u00a0 \u00a0 \u00a0 \u00a0 \u00a0 \u00a0Quatre (4) semestres acad\u00e9miques<\/p>\n<p><img loading=\"lazy\" class=\"alignnone size-full wp-image-67\" src=\"http:\/\/imsis.org\/wp-content\/uploads\/2017\/04\/images-1.jpg\" alt=\"\" width=\"275\" height=\"183\" \/><\/p>\n","protected":false},"excerpt":{"rendered":"<p>Dipl\u00f4me de master d&#8217;Informatique M\u00e9dicale et Syst\u00e8me d\u2019Information en sant\u00e9\u00a0(IMSIS) \u00c9tablissement: \u00a0 Universit\u00e9 Nazi Boni de Bobo Dioulasso Composante: \u00a0 \u00a0 \u00a0Institut Sup\u00e9rieur des Sciences de la sant\u00e9 (INSSA) Domaine: \u00a0 \u00a0 \u00a0 \u00a0 \u00a0 \u00a0Sciences de la Sant\u00e9 et de l\u2019informatique Dipl\u00f4me: \u00a0 \u00a0 \u00a0 \u00a0 \u00a0 \u00a0 Master d\u2019Informatique M\u00e9dicale et Syst\u00e8me d&#8217;Information&#8230;<\/p>\n<p class=\"more-link-wrap\"><a href=\"https:\/\/imsis.org\/index.php\/offres-de-formation\/\" class=\"more-link\">Read More<span class=\"screen-reader-text\"> &ldquo;Offres de formation&rdquo;<\/span> &raquo;<\/a><\/p>\n","protected":false},"author":1,"featured_media":0,"parent":0,"menu_order":0,"comment_status":"closed","ping_status":"closed","template":"","meta":{"jetpack_post_was_ever_published":false},"yoast_head":"<!-- This site is optimized with the Yoast SEO plugin v19.6 - https:\/\/yoast.com\/wordpress\/plugins\/seo\/ -->\n<title>Offres de formation -<\/title>\n<meta name=\"robots\" content=\"index, follow, max-snippet:-1, max-image-preview:large, max-video-preview:-1\" \/>\n<link rel=\"canonical\" href=\"https:\/\/imsis.org\/index.php\/offres-de-formation\/\" \/>\n<meta property=\"og:locale\" content=\"fr_FR\" \/>\n<meta property=\"og:type\" content=\"article\" \/>\n<meta property=\"og:title\" content=\"Offres de formation -\" \/>\n<meta property=\"og:description\" content=\"Dipl\u00f4me de master d&#8217;Informatique M\u00e9dicale et Syst\u00e8me d\u2019Information en sant\u00e9\u00a0(IMSIS) \u00c9tablissement: \u00a0 Universit\u00e9 Nazi Boni de Bobo Dioulasso Composante: \u00a0 \u00a0 \u00a0Institut Sup\u00e9rieur des Sciences de la sant\u00e9 (INSSA) Domaine: \u00a0 \u00a0 \u00a0 \u00a0 \u00a0 \u00a0Sciences de la Sant\u00e9 et de l\u2019informatique Dipl\u00f4me: \u00a0 \u00a0 \u00a0 \u00a0 \u00a0 \u00a0 Master d\u2019Informatique M\u00e9dicale et Syst\u00e8me d&#8217;Information...Read More &ldquo;Offres de formation&rdquo; &raquo;\" \/>\n<meta property=\"og:url\" content=\"https:\/\/imsis.org\/index.php\/offres-de-formation\/\" \/>\n<meta property=\"article:publisher\" content=\"https:\/\/www.facebook.com\/MasterImsis\" \/>\n<meta property=\"article:modified_time\" content=\"2017-12-07T11:20:28+00:00\" \/>\n<meta property=\"og:image\" content=\"http:\/\/imsis.org\/wp-content\/uploads\/2017\/04\/images-1.jpg\" \/>\n<meta name=\"twitter:card\" content=\"summary\" \/>\n<script type=\"application\/ld+json\" class=\"yoast-schema-graph\">{\"@context\":\"https:\/\/schema.org\",\"@graph\":[{\"@type\":\"WebPage\",\"@id\":\"https:\/\/imsis.org\/index.php\/offres-de-formation\/\",\"url\":\"https:\/\/imsis.org\/index.php\/offres-de-formation\/\",\"name\":\"Offres de formation -\",\"isPartOf\":{\"@id\":\"https:\/\/imsis.org\/#website\"},\"datePublished\":\"2017-04-19T09:59:34+00:00\",\"dateModified\":\"2017-12-07T11:20:28+00:00\",\"breadcrumb\":{\"@id\":\"https:\/\/imsis.org\/index.php\/offres-de-formation\/#breadcrumb\"},\"inLanguage\":\"fr-FR\",\"potentialAction\":[{\"@type\":\"ReadAction\",\"target\":[\"https:\/\/imsis.org\/index.php\/offres-de-formation\/\"]}]},{\"@type\":\"BreadcrumbList\",\"@id\":\"https:\/\/imsis.org\/index.php\/offres-de-formation\/#breadcrumb\",\"itemListElement\":[{\"@type\":\"ListItem\",\"position\":1,\"name\":\"Accueil\",\"item\":\"http:\/\/imsis.org\/\"},{\"@type\":\"ListItem\",\"position\":2,\"name\":\"Offres de formation\"}]},{\"@type\":\"WebSite\",\"@id\":\"https:\/\/imsis.org\/#website\",\"url\":\"https:\/\/imsis.org\/\",\"name\":\"\",\"description\":\"\",\"potentialAction\":[{\"@type\":\"SearchAction\",\"target\":{\"@type\":\"EntryPoint\",\"urlTemplate\":\"https:\/\/imsis.org\/?s={search_term_string}\"},\"query-input\":\"required name=search_term_string\"}],\"inLanguage\":\"fr-FR\"}]}<\/script>\n<!-- \/ Yoast SEO plugin. -->","yoast_head_json":{"title":"Offres de formation -","robots":{"index":"index","follow":"follow","max-snippet":"max-snippet:-1","max-image-preview":"max-image-preview:large","max-video-preview":"max-video-preview:-1"},"canonical":"https:\/\/imsis.org\/index.php\/offres-de-formation\/","og_locale":"fr_FR","og_type":"article","og_title":"Offres de formation -","og_description":"Dipl\u00f4me de master d&#8217;Informatique M\u00e9dicale et Syst\u00e8me d\u2019Information en sant\u00e9\u00a0(IMSIS) \u00c9tablissement: \u00a0 Universit\u00e9 Nazi Boni de Bobo Dioulasso Composante: \u00a0 \u00a0 \u00a0Institut Sup\u00e9rieur des Sciences de la sant\u00e9 (INSSA) Domaine: \u00a0 \u00a0 \u00a0 \u00a0 \u00a0 \u00a0Sciences de la Sant\u00e9 et de l\u2019informatique Dipl\u00f4me: \u00a0 \u00a0 \u00a0 \u00a0 \u00a0 \u00a0 Master d\u2019Informatique M\u00e9dicale et Syst\u00e8me d&#8217;Information...Read More &ldquo;Offres de formation&rdquo; &raquo;","og_url":"https:\/\/imsis.org\/index.php\/offres-de-formation\/","article_publisher":"https:\/\/www.facebook.com\/MasterImsis","article_modified_time":"2017-12-07T11:20:28+00:00","og_image":[{"url":"http:\/\/imsis.org\/wp-content\/uploads\/2017\/04\/images-1.jpg"}],"twitter_card":"summary","schema":{"@context":"https:\/\/schema.org","@graph":[{"@type":"WebPage","@id":"https:\/\/imsis.org\/index.php\/offres-de-formation\/","url":"https:\/\/imsis.org\/index.php\/offres-de-formation\/","name":"Offres de formation -","isPartOf":{"@id":"https:\/\/imsis.org\/#website"},"datePublished":"2017-04-19T09:59:34+00:00","dateModified":"2017-12-07T11:20:28+00:00","breadcrumb":{"@id":"https:\/\/imsis.org\/index.php\/offres-de-formation\/#breadcrumb"},"inLanguage":"fr-FR","potentialAction":[{"@type":"ReadAction","target":["https:\/\/imsis.org\/index.php\/offres-de-formation\/"]}]},{"@type":"BreadcrumbList","@id":"https:\/\/imsis.org\/index.php\/offres-de-formation\/#breadcrumb","itemListElement":[{"@type":"ListItem","position":1,"name":"Accueil","item":"http:\/\/imsis.org\/"},{"@type":"ListItem","position":2,"name":"Offres de formation"}]},{"@type":"WebSite","@id":"https:\/\/imsis.org\/#website","url":"https:\/\/imsis.org\/","name":"","description":"","potentialAction":[{"@type":"SearchAction","target":{"@type":"EntryPoint","urlTemplate":"https:\/\/imsis.org\/?s={search_term_string}"},"query-input":"required name=search_term_string"}],"inLanguage":"fr-FR"}]}},"jetpack_sharing_enabled":true,"jetpack_shortlink":"https:\/\/wp.me\/P8EeRG-5","jetpack_likes_enabled":true,"_links":{"self":[{"href":"https:\/\/imsis.org\/index.php\/wp-json\/wp\/v2\/pages\/5"}],"collection":[{"href":"https:\/\/imsis.org\/index.php\/wp-json\/wp\/v2\/pages"}],"about":[{"href":"https:\/\/imsis.org\/index.php\/wp-json\/wp\/v2\/types\/page"}],"author":[{"embeddable":true,"href":"https:\/\/imsis.org\/index.php\/wp-json\/wp\/v2\/users\/1"}],"replies":[{"embeddable":true,"href":"https:\/\/imsis.org\/index.php\/wp-json\/wp\/v2\/comments?post=5"}],"version-history":[{"count":25,"href":"https:\/\/imsis.org\/index.php\/wp-json\/wp\/v2\/pages\/5\/revisions"}],"predecessor-version":[{"id":252,"href":"https:\/\/imsis.org\/index.php\/wp-json\/wp\/v2\/pages\/5\/revisions\/252"}],"wp:attachment":[{"href":"https:\/\/imsis.org\/index.php\/wp-json\/wp\/v2\/media?parent=5"}],"curies":[{"name":"wp","href":"https:\/\/api.w.org\/{rel}","templated":true}]}}