{"id":8,"date":"2017-04-19T12:00:12","date_gmt":"2017-04-19T10:00:12","guid":{"rendered":"http:\/\/imsis.org\/?page_id=8"},"modified":"2018-08-03T21:48:44","modified_gmt":"2018-08-03T19:48:44","slug":"procedures-dadmission","status":"publish","type":"page","link":"https:\/\/imsis.org\/index.php\/procedures-dadmission\/","title":{"rendered":"Inscription et Admission"},"content":{"rendered":"<p align=\"justify\"><span style=\"font-family: 'Times New Roman', serif; font-size: 12pt;\"><span style=\"color: #0d0d0d;\"><span style=\"font-family: Arial, serif;\">Le master IMSIS est ouvert en formation initiale aux \u00e9tudiants en m\u00e9decine, odontologie, pharmacie ayant valid\u00e9 au moins la sixi\u00e8me ann\u00e9e ; aux \u00e9tudiants titulaires d\u2019une licence en informatique, en biologie, en statistique ou \u00e9quivalents.<\/span><\/span><\/span><\/p>\n<p align=\"justify\"><span style=\"font-family: 'Times New Roman', serif; font-size: 12pt;\"><span style=\"color: #0d0d0d;\"><span style=\"font-family: Arial, serif;\">En formation continue aux m\u00e9decins, pharmaciens, chirurgiens-dentistes\u00a0; aux personnels param\u00e9dicaux ayant un profil sant\u00e9 publique ou informatique\u00a0; aux informaticiens ayant une exp\u00e9rience dans les structures de sant\u00e9 ou de soins\u00a0; aux gestionnaires de l\u2019information dans les organisations publiques et priv\u00e9es de sant\u00e9.<\/span><\/span><\/span><\/p>\n<p align=\"justify\"><span style=\"font-family: 'Times New Roman', serif; font-size: 12pt;\"><span style=\"color: #0d0d0d;\"><span style=\"font-family: Arial, serif;\">Les candidatures en Master 2 peuvent \u00eatre accept\u00e9es pour les candidats titulaires d\u2019un Master 1 en informatique de sant\u00e9 ou \u00e9quivalent.<\/span><\/span><\/span><\/p>\n<p><span style=\"font-family: arial, helvetica, sans-serif; color: #000000; font-size: 12pt;\">Le nombre de candidats au master IMSIS est limit\u00e9 \u00e0 20 places, avec une liste d\u2019attente de 10 candidats.<\/span><\/p>\n<p><span style=\"font-family: arial, helvetica, sans-serif; color: #000000; font-size: 12pt;\">La s\u00e9lection des candidats est r\u00e9alis\u00e9e sur dossier par le comit\u00e9 p\u00e9dagogique du master.<\/span><\/p>\n<p><span style=\"font-size: 14pt;\"><em><span style=\"font-family: arial, helvetica, sans-serif; color: #ff6600;\"><strong>Frais d\u2019inscription et de formation<\/strong><\/span><\/em><\/span><\/p>\n<p><span style=\"font-family: arial, helvetica, sans-serif; color: #000000;\">Les frais d\u2019inscription annuelle s\u2019\u00e9l\u00e8vent \u00e0 Cinquante mille (50\u00a0000) francs CFA pour les \u00e9tudiants originaires de l\u2019espace CEDEAO et deux cent cinquante mille (250 000) francs CFA pour les autres.<\/span><\/p>\n<p><span style=\"font-family: arial, helvetica, sans-serif; color: #000000;\">Les frais de formation s\u2019\u00e9l\u00e8vent \u00e0\u00a0:<\/span><\/p>\n<ul>\n<li><span style=\"font-family: arial, helvetica, sans-serif; color: #000000;\">Sept cent cinquante mille (750 000) francs CFA par an pour les candidats ressortissants des pays de l\u2019espace CEDEAO<\/span><\/li>\n<li><span style=\"font-family: arial, helvetica, sans-serif; color: #000000;\">Et un million cinq cent mille (1500 000) francs CFA par an pour les autres.<\/span><\/li>\n<\/ul>\n<p><span style=\"font-family: arial, helvetica, sans-serif; color: #000000;\"><strong>\u00a0<\/strong><span style=\"font-size: 14pt;\"><em><span style=\"color: #ff6600;\"><strong>Modalit\u00e9s de paiement des frais d\u2019inscription et de formation\u00a0<\/strong><\/span><\/em><\/span><\/span><\/p>\n<p><span style=\"font-family: arial, helvetica, sans-serif; color: #000000;\"><strong>\u00a0 Frais d\u2019inscription\u00a0:<\/strong> d\u00e8s la publication de la liste des candidats retenus<\/span><\/p>\n<p><span style=\"font-family: arial, helvetica, sans-serif; color: #000000;\"><strong>\u00a0 Frais de formation\u00a0:<\/strong> trois tranches r\u00e9parties comme suit\u00a0:<\/span><\/p>\n<ul>\n<li style=\"text-align: left;\"><span style=\"font-family: arial, helvetica, sans-serif; color: #000000;\">50% avant le d\u00e9but des cours<\/span><\/li>\n<li style=\"text-align: left;\"><span style=\"font-family: arial, helvetica, sans-serif; color: #000000;\">25% avant la fin du 1<sup>er<\/sup> semestre<\/span><\/li>\n<li style=\"text-align: left;\"><span style=\"font-family: arial, helvetica, sans-serif; color: #000000;\">25% avant la fin du 2<sup>\u00e8me<\/sup> semestre<\/span><\/li>\n<\/ul>\n<p style=\"text-align: center;\"><span style=\"font-size: 14pt;\"><em><strong><span style=\"color: #3366ff;\"><a style=\"color: #3366ff;\" href=\"http:\/\/imsis.org\/wp-content\/uploads\/2017\/04\/T\u00e9l\u00e9charger-le-formulaire-de-candidature-pour-le-master-ici....pdf\" target=\"_blank\" rel=\"noopener noreferrer\">T\u00e9l\u00e9charger le formulaire de candidature pour le master ici&#8230;<\/a><\/span><\/strong><\/em><\/span><\/p>\n<p>&nbsp;<\/p>\n<p><img loading=\"lazy\" class=\"alignnone size-full wp-image-31\" src=\"http:\/\/imsis.org\/wp-content\/uploads\/2017\/04\/is.jpg\" alt=\"\" width=\"119\" height=\"119\" \/><\/p>\n","protected":false},"excerpt":{"rendered":"<p>Le master IMSIS est ouvert en formation initiale aux \u00e9tudiants en m\u00e9decine, odontologie, pharmacie ayant valid\u00e9 au moins la sixi\u00e8me ann\u00e9e ; aux \u00e9tudiants titulaires d\u2019une licence en informatique, en biologie, en statistique ou \u00e9quivalents. En formation continue aux m\u00e9decins, pharmaciens, chirurgiens-dentistes\u00a0; aux personnels param\u00e9dicaux ayant un profil sant\u00e9 publique ou informatique\u00a0; aux informaticiens ayant&#8230;<\/p>\n<p class=\"more-link-wrap\"><a href=\"https:\/\/imsis.org\/index.php\/procedures-dadmission\/\" class=\"more-link\">Read More<span class=\"screen-reader-text\"> &ldquo;Inscription et Admission&rdquo;<\/span> &raquo;<\/a><\/p>\n","protected":false},"author":1,"featured_media":0,"parent":0,"menu_order":0,"comment_status":"closed","ping_status":"closed","template":"","meta":{"jetpack_post_was_ever_published":false},"yoast_head":"<!-- This site is optimized with the Yoast SEO plugin v19.6 - https:\/\/yoast.com\/wordpress\/plugins\/seo\/ -->\n<title>Conditions d&#039;inscription et d&#039; admission en master IMSIS<\/title>\n<meta name=\"description\" content=\"Master IMSIS: Les conditions d&#039;inscription \u00e0 l\u2019Universit\u00e9 Nazi ....Les candidatures en Master 2 peuvent \u00eatre accept\u00e9es pour les candidats titulaires d&#039;un M1\" \/>\n<meta name=\"robots\" content=\"index, follow, max-snippet:-1, max-image-preview:large, max-video-preview:-1\" \/>\n<link rel=\"canonical\" href=\"https:\/\/imsis.org\/index.php\/procedures-dadmission\/\" \/>\n<meta property=\"og:locale\" content=\"fr_FR\" \/>\n<meta property=\"og:type\" content=\"article\" \/>\n<meta property=\"og:title\" content=\"Conditions d&#039;inscription et d&#039; admission en master IMSIS\" \/>\n<meta property=\"og:description\" content=\"Master IMSIS: Les conditions d&#039;inscription \u00e0 l\u2019Universit\u00e9 Nazi ....Les candidatures en Master 2 peuvent \u00eatre accept\u00e9es pour les candidats titulaires d&#039;un M1\" \/>\n<meta property=\"og:url\" content=\"https:\/\/imsis.org\/index.php\/procedures-dadmission\/\" \/>\n<meta property=\"article:publisher\" content=\"https:\/\/www.facebook.com\/MasterImsis\" \/>\n<meta property=\"article:modified_time\" content=\"2018-08-03T19:48:44+00:00\" \/>\n<meta property=\"og:image\" content=\"http:\/\/imsis.org\/wp-content\/uploads\/2017\/04\/is.jpg\" \/>\n<meta name=\"twitter:card\" content=\"summary\" \/>\n<meta name=\"twitter:label1\" content=\"Dur\u00e9e de lecture estim\u00e9e\" \/>\n\t<meta name=\"twitter:data1\" content=\"1 minute\" \/>\n<script type=\"application\/ld+json\" class=\"yoast-schema-graph\">{\"@context\":\"https:\/\/schema.org\",\"@graph\":[{\"@type\":\"WebPage\",\"@id\":\"https:\/\/imsis.org\/index.php\/procedures-dadmission\/\",\"url\":\"https:\/\/imsis.org\/index.php\/procedures-dadmission\/\",\"name\":\"Conditions d'inscription et d' admission en master IMSIS\",\"isPartOf\":{\"@id\":\"https:\/\/imsis.org\/#website\"},\"datePublished\":\"2017-04-19T10:00:12+00:00\",\"dateModified\":\"2018-08-03T19:48:44+00:00\",\"description\":\"Master IMSIS: Les conditions d'inscription \u00e0 l\u2019Universit\u00e9 Nazi ....Les candidatures en Master 2 peuvent \u00eatre accept\u00e9es pour les candidats titulaires d'un M1\",\"breadcrumb\":{\"@id\":\"https:\/\/imsis.org\/index.php\/procedures-dadmission\/#breadcrumb\"},\"inLanguage\":\"fr-FR\",\"potentialAction\":[{\"@type\":\"ReadAction\",\"target\":[\"https:\/\/imsis.org\/index.php\/procedures-dadmission\/\"]}]},{\"@type\":\"BreadcrumbList\",\"@id\":\"https:\/\/imsis.org\/index.php\/procedures-dadmission\/#breadcrumb\",\"itemListElement\":[{\"@type\":\"ListItem\",\"position\":1,\"name\":\"Accueil\",\"item\":\"http:\/\/imsis.org\/\"},{\"@type\":\"ListItem\",\"position\":2,\"name\":\"Inscription et Admission\"}]},{\"@type\":\"WebSite\",\"@id\":\"https:\/\/imsis.org\/#website\",\"url\":\"https:\/\/imsis.org\/\",\"name\":\"\",\"description\":\"\",\"potentialAction\":[{\"@type\":\"SearchAction\",\"target\":{\"@type\":\"EntryPoint\",\"urlTemplate\":\"https:\/\/imsis.org\/?s={search_term_string}\"},\"query-input\":\"required name=search_term_string\"}],\"inLanguage\":\"fr-FR\"}]}<\/script>\n<!-- \/ Yoast SEO plugin. -->","yoast_head_json":{"title":"Conditions d'inscription et d' admission en master IMSIS","description":"Master IMSIS: Les conditions d'inscription \u00e0 l\u2019Universit\u00e9 Nazi ....Les candidatures en Master 2 peuvent \u00eatre accept\u00e9es pour les candidats titulaires d'un M1","robots":{"index":"index","follow":"follow","max-snippet":"max-snippet:-1","max-image-preview":"max-image-preview:large","max-video-preview":"max-video-preview:-1"},"canonical":"https:\/\/imsis.org\/index.php\/procedures-dadmission\/","og_locale":"fr_FR","og_type":"article","og_title":"Conditions d'inscription et d' admission en master IMSIS","og_description":"Master IMSIS: Les conditions d'inscription \u00e0 l\u2019Universit\u00e9 Nazi ....Les candidatures en Master 2 peuvent \u00eatre accept\u00e9es pour les candidats titulaires d'un M1","og_url":"https:\/\/imsis.org\/index.php\/procedures-dadmission\/","article_publisher":"https:\/\/www.facebook.com\/MasterImsis","article_modified_time":"2018-08-03T19:48:44+00:00","og_image":[{"url":"http:\/\/imsis.org\/wp-content\/uploads\/2017\/04\/is.jpg"}],"twitter_card":"summary","twitter_misc":{"Dur\u00e9e de lecture estim\u00e9e":"1 minute"},"schema":{"@context":"https:\/\/schema.org","@graph":[{"@type":"WebPage","@id":"https:\/\/imsis.org\/index.php\/procedures-dadmission\/","url":"https:\/\/imsis.org\/index.php\/procedures-dadmission\/","name":"Conditions d'inscription et d' admission en master IMSIS","isPartOf":{"@id":"https:\/\/imsis.org\/#website"},"datePublished":"2017-04-19T10:00:12+00:00","dateModified":"2018-08-03T19:48:44+00:00","description":"Master IMSIS: Les conditions d'inscription \u00e0 l\u2019Universit\u00e9 Nazi ....Les candidatures en Master 2 peuvent \u00eatre accept\u00e9es pour les candidats titulaires d'un M1","breadcrumb":{"@id":"https:\/\/imsis.org\/index.php\/procedures-dadmission\/#breadcrumb"},"inLanguage":"fr-FR","potentialAction":[{"@type":"ReadAction","target":["https:\/\/imsis.org\/index.php\/procedures-dadmission\/"]}]},{"@type":"BreadcrumbList","@id":"https:\/\/imsis.org\/index.php\/procedures-dadmission\/#breadcrumb","itemListElement":[{"@type":"ListItem","position":1,"name":"Accueil","item":"http:\/\/imsis.org\/"},{"@type":"ListItem","position":2,"name":"Inscription et Admission"}]},{"@type":"WebSite","@id":"https:\/\/imsis.org\/#website","url":"https:\/\/imsis.org\/","name":"","description":"","potentialAction":[{"@type":"SearchAction","target":{"@type":"EntryPoint","urlTemplate":"https:\/\/imsis.org\/?s={search_term_string}"},"query-input":"required name=search_term_string"}],"inLanguage":"fr-FR"}]}},"jetpack_sharing_enabled":true,"jetpack_shortlink":"https:\/\/wp.me\/P8EeRG-8","jetpack_likes_enabled":true,"_links":{"self":[{"href":"https:\/\/imsis.org\/index.php\/wp-json\/wp\/v2\/pages\/8"}],"collection":[{"href":"https:\/\/imsis.org\/index.php\/wp-json\/wp\/v2\/pages"}],"about":[{"href":"https:\/\/imsis.org\/index.php\/wp-json\/wp\/v2\/types\/page"}],"author":[{"embeddable":true,"href":"https:\/\/imsis.org\/index.php\/wp-json\/wp\/v2\/users\/1"}],"replies":[{"embeddable":true,"href":"https:\/\/imsis.org\/index.php\/wp-json\/wp\/v2\/comments?post=8"}],"version-history":[{"count":24,"href":"https:\/\/imsis.org\/index.php\/wp-json\/wp\/v2\/pages\/8\/revisions"}],"predecessor-version":[{"id":352,"href":"https:\/\/imsis.org\/index.php\/wp-json\/wp\/v2\/pages\/8\/revisions\/352"}],"wp:attachment":[{"href":"https:\/\/imsis.org\/index.php\/wp-json\/wp\/v2\/media?parent=8"}],"curies":[{"name":"wp","href":"https:\/\/api.w.org\/{rel}","templated":true}]}}